{"id":240,"date":"2024-04-28T23:21:02","date_gmt":"2024-04-28T21:21:02","guid":{"rendered":"http:\/\/test.noster.pl\/?page_id=240"},"modified":"2024-11-20T21:06:55","modified_gmt":"2024-11-20T20:06:55","slug":"o-nas","status":"publish","type":"page","link":"https:\/\/noster.pl\/?page_id=240","title":{"rendered":"O nas"},"content":{"rendered":"\n<div class=\"wp-block-uagb-container uagb-block-197e83aa alignfull uagb-is-root-container\"><\/div>\n\n\n\n<div class=\"wp-block-uagb-container uagb-block-f240bc15 default uagb-is-root-container\">\n<div class=\"wp-block-uagb-container uagb-block-6affc2d3 default uagb-is-root-container\">\n<div class=\"wp-block-group is-vertical is-layout-flex wp-container-core-group-is-layout-fe9cc265 wp-block-group-is-layout-flex\">\n<div class=\"wp-block-columns is-layout-flex wp-container-core-columns-is-layout-28f84493 wp-block-columns-is-layout-flex\">\n<div class=\"wp-block-column is-layout-flow wp-block-column-is-layout-flow\" style=\"flex-basis:100%\">\n<div class=\"wp-block-group is-nowrap is-layout-flex wp-container-core-group-is-layout-6c531013 wp-block-group-is-layout-flex\">\n<div class=\"wp-block-uagb-container uagb-block-4d955d25\">\n<div class=\"wp-block-uagb-info-box uagb-block-ccfc7f62 uagb-infobox__content-wrap  uagb-infobox-icon-above-title uagb-infobox-image-valign-top\"><div class=\"uagb-ifb-content\"><div class=\"uagb-ifb-title-wrap\"><h2 class=\"uagb-ifb-title\">NASZA HISTORIA<\/h2><\/div><p class=\"uagb-ifb-desc\">Nasza firma NOSTER WD sp. z o.o. ma swoje korzenie si\u0119gaj\u0105ce stycznia 1992 roku, kiedy to rozpocz\u0119li\u015bmy sprzeda\u017c cz\u0119\u015bci samochodowych jako firma &#8222;NOSTER&#8221; Wojciech Noster. Pocz\u0105tkowo mie\u015bci\u0142a si\u0119 w wynaj\u0119tym lokalu w hotelu WSW Andoria, jednak w roku 2000 przenie\u015bli\u015bmy nasz sklep do nowoczesnego obiektu handlowego w Andrychowie przy ul. Krakowskiej 125, kt\u00f3ry wyposa\u017cyli\u015bmy tak\u017ce w warsztat oraz parking dla naszych klient\u00f3w.<br>Od momentu za\u0142o\u017cenia stawiamy na wysok\u0105 jako\u015b\u0107 naszych produkt\u00f3w oraz profesjonaln\u0105 obs\u0142ug\u0119 klienta. Nasza wiedza i do\u015bwiadczenie w bran\u017cy samochodowej pozwala nam sprosta\u0107 nawet najbardziej wymagaj\u0105cym potrzebom naszych klient\u00f3w.<br>W listopadzie 2020 roku dokonali\u015bmy przekszta\u0142cenia naszej firmy w sp\u00f3\u0142k\u0119 NOSTER WD sp. z o.o., co jest dla nas wielkim osi\u0105gni\u0119ciem i potwierdzeniem stabilno\u015bci oraz ci\u0105g\u0142ego rozwoju naszej dzia\u0142alno\u015bci.<br><br><strong>Jeste\u015bmy dumni z naszej historii i z pasji, kt\u00f3rej jeste\u015bmy gotowi podzieli\u0107 si\u0119 z naszymi klientami.<br> Dzi\u0119kujemy za zaufanie i zapraszamy do skorzystania z naszych us\u0142ug!<\/strong><br><\/p><\/div><\/div>\n<\/div>\n<\/div>\n<\/div>\n<\/div>\n<\/div>\n<\/div>\n<\/div>\n\n\n\n<div class=\"wp-block-uagb-container uagb-block-cb04a2f1 alignfull uagb-is-root-container\"><div class=\"uagb-container-inner-blocks-wrap\">\n<div class=\"wp-block-uagb-container uagb-block-0c740099\">\n<figure class=\"wp-block-image aligncenter size-full is-resized\"><img fetchpriority=\"high\" decoding=\"async\" width=\"1024\" height=\"1024\" src=\"https:\/\/noster.pl\/wp-content\/uploads\/2024\/04\/PONAD-1.png\" alt=\"\" class=\"wp-image-318\" style=\"width:396px;height:auto\" srcset=\"https:\/\/noster.pl\/wp-content\/uploads\/2024\/04\/PONAD-1.png 1024w, https:\/\/noster.pl\/wp-content\/uploads\/2024\/04\/PONAD-1-300x300.png 300w, https:\/\/noster.pl\/wp-content\/uploads\/2024\/04\/PONAD-1-150x150.png 150w, https:\/\/noster.pl\/wp-content\/uploads\/2024\/04\/PONAD-1-768x768.png 768w\" sizes=\"(max-width: 1024px) 100vw, 1024px\" \/><\/figure>\n<\/div>\n\n\n\n<div class=\"wp-block-uagb-container uagb-layout-flex uagb-block-eee0b689\">\n<figure class=\"wp-block-image size-full is-resized\"><img decoding=\"async\" width=\"1024\" height=\"1024\" src=\"https:\/\/noster.pl\/wp-content\/uploads\/2024\/04\/PONAD-1-1.png\" alt=\"\" class=\"wp-image-360\" style=\"width:392px;height:auto\" srcset=\"https:\/\/noster.pl\/wp-content\/uploads\/2024\/04\/PONAD-1-1.png 1024w, https:\/\/noster.pl\/wp-content\/uploads\/2024\/04\/PONAD-1-1-300x300.png 300w, https:\/\/noster.pl\/wp-content\/uploads\/2024\/04\/PONAD-1-1-150x150.png 150w, https:\/\/noster.pl\/wp-content\/uploads\/2024\/04\/PONAD-1-1-768x768.png 768w\" sizes=\"(max-width: 1024px) 100vw, 1024px\" \/><\/figure>\n<\/div>\n<\/div><\/div>\n","protected":false},"excerpt":{"rendered":"","protected":false},"author":1,"featured_media":0,"parent":0,"menu_order":3,"comment_status":"closed","ping_status":"closed","template":"","meta":{"_uag_custom_page_level_css":"","site-sidebar-layout":"default","site-content-layout":"","ast-site-content-layout":"default","site-content-style":"default","site-sidebar-style":"default","ast-global-header-display":"","ast-banner-title-visibility":"","ast-main-header-display":"","ast-hfb-above-header-display":"","ast-hfb-below-header-display":"","ast-hfb-mobile-header-display":"","site-post-title":"disabled","ast-breadcrumbs-content":"","ast-featured-img":"","footer-sml-layout":"","ast-disable-related-posts":"","theme-transparent-header-meta":"","adv-header-id-meta":"","stick-header-meta":"","header-above-stick-meta":"","header-main-stick-meta":"","header-below-stick-meta":"","astra-migrate-meta-layouts":"default","ast-page-background-enabled":"default","ast-page-background-meta":{"desktop":{"background-color":"var(--ast-global-color-4)","background-image":"","background-repeat":"repeat","background-position":"center center","background-size":"auto","background-attachment":"scroll","background-type":"","background-media":"","overlay-type":"","overlay-color":"","overlay-opacity":"","overlay-gradient":""},"tablet":{"background-color":"","background-image":"","background-repeat":"repeat","background-position":"center center","background-size":"auto","background-attachment":"scroll","background-type":"","background-media":"","overlay-type":"","overlay-color":"","overlay-opacity":"","overlay-gradient":""},"mobile":{"background-color":"","background-image":"","background-repeat":"repeat","background-position":"center center","background-size":"auto","background-attachment":"scroll","background-type":"","background-media":"","overlay-type":"","overlay-color":"","overlay-opacity":"","overlay-gradient":""}},"ast-content-background-meta":{"desktop":{"background-color":"var(--ast-global-color-5)","background-image":"","background-repeat":"repeat","background-position":"center center","background-size":"auto","background-attachment":"scroll","background-type":"","background-media":"","overlay-type":"","overlay-color":"","overlay-opacity":"","overlay-gradient":""},"tablet":{"background-color":"var(--ast-global-color-5)","background-image":"","background-repeat":"repeat","background-position":"center center","background-size":"auto","background-attachment":"scroll","background-type":"","background-media":"","overlay-type":"","overlay-color":"","overlay-opacity":"","overlay-gradient":""},"mobile":{"background-color":"var(--ast-global-color-5)","background-image":"","background-repeat":"repeat","background-position":"center center","background-size":"auto","background-attachment":"scroll","background-type":"","background-media":"","overlay-type":"","overlay-color":"","overlay-opacity":"","overlay-gradient":""}},"footnotes":""},"class_list":["post-240","page","type-page","status-publish","hentry"],"yoast_head":"<!-- This site is optimized with the Yoast SEO plugin v27.1.1 - https:\/\/yoast.com\/product\/yoast-seo-wordpress\/ -->\n<title>O nas - AUTO-CZ\u0118\u015aCI NOSTER WD - Sklep Motoryzacyjny Andrych\u00f3w<\/title>\n<meta name=\"description\" content=\"Nasza firma NOSTER WD sp. z o.o. ma swoje korzenie si\u0119gaj\u0105ce stycznia 1992 roku, kiedy to rozpocz\u0119li\u015bmy sprzeda\u017c cz\u0119\u015bci samochodowych jako firma &quot;NOSTER&quot; Wojciech Noster. Pocz\u0105tkowo mie\u015bci\u0142a si\u0119 w wynaj\u0119tym lokalu w hotelu WSW Andoria, jednak w roku 2000 przenie\u015bli\u015bmy nasz sklep do nowoczesnego obiektu handlowego w Andrychowie przy ul. Krakowskiej 125, kt\u00f3ry wyposa\u017cyli\u015bmy tak\u017ce w warsztat oraz parking dla naszych klient\u00f3w.\" \/>\n<meta name=\"robots\" content=\"index, follow, max-snippet:-1, max-image-preview:large, max-video-preview:-1\" \/>\n<link rel=\"canonical\" href=\"https:\/\/noster.pl\/?page_id=240\" \/>\n<meta property=\"og:locale\" content=\"pl_PL\" \/>\n<meta property=\"og:type\" content=\"article\" \/>\n<meta property=\"og:title\" content=\"O nas - AUTO-CZ\u0118\u015aCI NOSTER WD - Sklep Motoryzacyjny Andrych\u00f3w\" \/>\n<meta property=\"og:description\" content=\"Nasza firma NOSTER WD sp. z o.o. ma swoje korzenie si\u0119gaj\u0105ce stycznia 1992 roku, kiedy to rozpocz\u0119li\u015bmy sprzeda\u017c cz\u0119\u015bci samochodowych jako firma &quot;NOSTER&quot; Wojciech Noster. Pocz\u0105tkowo mie\u015bci\u0142a si\u0119 w wynaj\u0119tym lokalu w hotelu WSW Andoria, jednak w roku 2000 przenie\u015bli\u015bmy nasz sklep do nowoczesnego obiektu handlowego w Andrychowie przy ul. Krakowskiej 125, kt\u00f3ry wyposa\u017cyli\u015bmy tak\u017ce w warsztat oraz parking dla naszych klient\u00f3w.\" \/>\n<meta property=\"og:url\" content=\"https:\/\/noster.pl\/?page_id=240\" \/>\n<meta property=\"og:site_name\" content=\"AUTO-CZ\u0118\u015aCI NOSTER WD - Sklep Motoryzacyjny Andrych\u00f3w\" \/>\n<meta property=\"article:modified_time\" content=\"2024-11-20T20:06:55+00:00\" \/>\n<meta property=\"og:image\" content=\"https:\/\/noster.pl\/wp-content\/uploads\/2024\/04\/PONAD-1.png\" \/>\n\t<meta property=\"og:image:width\" content=\"1024\" \/>\n\t<meta property=\"og:image:height\" content=\"1024\" \/>\n\t<meta property=\"og:image:type\" content=\"image\/png\" \/>\n<meta name=\"twitter:card\" content=\"summary_large_image\" \/>\n<meta name=\"twitter:label1\" content=\"Szacowany czas czytania\" \/>\n\t<meta name=\"twitter:data1\" content=\"2 minuty\" \/>\n<script type=\"application\/ld+json\" class=\"yoast-schema-graph\">{\"@context\":\"https:\/\/schema.org\",\"@graph\":[{\"@type\":\"WebPage\",\"@id\":\"https:\/\/noster.pl\/?page_id=240\",\"url\":\"https:\/\/noster.pl\/?page_id=240\",\"name\":\"O nas - AUTO-CZ\u0118\u015aCI NOSTER WD - Sklep Motoryzacyjny Andrych\u00f3w\",\"isPartOf\":{\"@id\":\"https:\/\/noster.pl\/#website\"},\"primaryImageOfPage\":{\"@id\":\"https:\/\/noster.pl\/?page_id=240#primaryimage\"},\"image\":{\"@id\":\"https:\/\/noster.pl\/?page_id=240#primaryimage\"},\"thumbnailUrl\":\"https:\/\/noster.pl\/wp-content\/uploads\/2024\/04\/PONAD-1.png\",\"datePublished\":\"2024-04-28T21:21:02+00:00\",\"dateModified\":\"2024-11-20T20:06:55+00:00\",\"description\":\"Nasza firma NOSTER WD sp. z o.o. ma swoje korzenie si\u0119gaj\u0105ce stycznia 1992 roku, kiedy to rozpocz\u0119li\u015bmy sprzeda\u017c cz\u0119\u015bci samochodowych jako firma \\\"NOSTER\\\" Wojciech Noster. Pocz\u0105tkowo mie\u015bci\u0142a si\u0119 w wynaj\u0119tym lokalu w hotelu WSW Andoria, jednak w roku 2000 przenie\u015bli\u015bmy nasz sklep do nowoczesnego obiektu handlowego w Andrychowie przy ul. Krakowskiej 125, kt\u00f3ry wyposa\u017cyli\u015bmy tak\u017ce w warsztat oraz parking dla naszych klient\u00f3w.\",\"breadcrumb\":{\"@id\":\"https:\/\/noster.pl\/?page_id=240#breadcrumb\"},\"inLanguage\":\"pl-PL\",\"potentialAction\":[{\"@type\":\"ReadAction\",\"target\":[\"https:\/\/noster.pl\/?page_id=240\"]}]},{\"@type\":\"ImageObject\",\"inLanguage\":\"pl-PL\",\"@id\":\"https:\/\/noster.pl\/?page_id=240#primaryimage\",\"url\":\"https:\/\/noster.pl\/wp-content\/uploads\/2024\/04\/PONAD-1.png\",\"contentUrl\":\"https:\/\/noster.pl\/wp-content\/uploads\/2024\/04\/PONAD-1.png\",\"width\":1024,\"height\":1024},{\"@type\":\"BreadcrumbList\",\"@id\":\"https:\/\/noster.pl\/?page_id=240#breadcrumb\",\"itemListElement\":[{\"@type\":\"ListItem\",\"position\":1,\"name\":\"Home\",\"item\":\"https:\/\/noster.pl\/\"},{\"@type\":\"ListItem\",\"position\":2,\"name\":\"O nas\"}]},{\"@type\":\"WebSite\",\"@id\":\"https:\/\/noster.pl\/#website\",\"url\":\"https:\/\/noster.pl\/\",\"name\":\"AUTO-CZ\u0118\u015aCI NOSTER WD - Sklep Motoryzacyjny Andrych\u00f3w\",\"description\":\"Jeste\u015bmy sklepem motoryzacyjnym, kt\u00f3ry oferuje szeroki wyb\u00f3r wysokiej jako\u015bci cz\u0119\u015bci samochodowych do wszystkich marek i modeli samochod\u00f3w osobowych i ma\u0142ych ci\u0119\u017carowych.\",\"publisher\":{\"@id\":\"https:\/\/noster.pl\/#organization\"},\"alternateName\":\"AUTO-CZ\u0118\u015aCI NOSTER Andrych\u00f3w\",\"potentialAction\":[{\"@type\":\"SearchAction\",\"target\":{\"@type\":\"EntryPoint\",\"urlTemplate\":\"https:\/\/noster.pl\/?s={search_term_string}\"},\"query-input\":{\"@type\":\"PropertyValueSpecification\",\"valueRequired\":true,\"valueName\":\"search_term_string\"}}],\"inLanguage\":\"pl-PL\"},{\"@type\":\"Organization\",\"@id\":\"https:\/\/noster.pl\/#organization\",\"name\":\"AUTO-CZ\u0118\u015aCI NOSTER WD - Sklep Motoryzacyjny Andrych\u00f3w\",\"url\":\"https:\/\/noster.pl\/\",\"logo\":{\"@type\":\"ImageObject\",\"inLanguage\":\"pl-PL\",\"@id\":\"https:\/\/noster.pl\/#\/schema\/logo\/image\/\",\"url\":\"https:\/\/noster.pl\/wp-content\/uploads\/2024\/04\/logo.svg\",\"contentUrl\":\"https:\/\/noster.pl\/wp-content\/uploads\/2024\/04\/logo.svg\",\"width\":1511,\"height\":377,\"caption\":\"AUTO-CZ\u0118\u015aCI NOSTER WD - Sklep Motoryzacyjny Andrych\u00f3w\"},\"image\":{\"@id\":\"https:\/\/noster.pl\/#\/schema\/logo\/image\/\"}}]}<\/script>\n<!-- \/ Yoast SEO plugin. -->","yoast_head_json":{"title":"O nas - AUTO-CZ\u0118\u015aCI NOSTER WD - Sklep Motoryzacyjny Andrych\u00f3w","description":"Nasza firma NOSTER WD sp. z o.o. ma swoje korzenie si\u0119gaj\u0105ce stycznia 1992 roku, kiedy to rozpocz\u0119li\u015bmy sprzeda\u017c cz\u0119\u015bci samochodowych jako firma \"NOSTER\" Wojciech Noster. Pocz\u0105tkowo mie\u015bci\u0142a si\u0119 w wynaj\u0119tym lokalu w hotelu WSW Andoria, jednak w roku 2000 przenie\u015bli\u015bmy nasz sklep do nowoczesnego obiektu handlowego w Andrychowie przy ul. Krakowskiej 125, kt\u00f3ry wyposa\u017cyli\u015bmy tak\u017ce w warsztat oraz parking dla naszych klient\u00f3w.","robots":{"index":"index","follow":"follow","max-snippet":"max-snippet:-1","max-image-preview":"max-image-preview:large","max-video-preview":"max-video-preview:-1"},"canonical":"https:\/\/noster.pl\/?page_id=240","og_locale":"pl_PL","og_type":"article","og_title":"O nas - AUTO-CZ\u0118\u015aCI NOSTER WD - Sklep Motoryzacyjny Andrych\u00f3w","og_description":"Nasza firma NOSTER WD sp. z o.o. ma swoje korzenie si\u0119gaj\u0105ce stycznia 1992 roku, kiedy to rozpocz\u0119li\u015bmy sprzeda\u017c cz\u0119\u015bci samochodowych jako firma \"NOSTER\" Wojciech Noster. Pocz\u0105tkowo mie\u015bci\u0142a si\u0119 w wynaj\u0119tym lokalu w hotelu WSW Andoria, jednak w roku 2000 przenie\u015bli\u015bmy nasz sklep do nowoczesnego obiektu handlowego w Andrychowie przy ul. Krakowskiej 125, kt\u00f3ry wyposa\u017cyli\u015bmy tak\u017ce w warsztat oraz parking dla naszych klient\u00f3w.","og_url":"https:\/\/noster.pl\/?page_id=240","og_site_name":"AUTO-CZ\u0118\u015aCI NOSTER WD - Sklep Motoryzacyjny Andrych\u00f3w","article_modified_time":"2024-11-20T20:06:55+00:00","og_image":[{"width":1024,"height":1024,"url":"https:\/\/noster.pl\/wp-content\/uploads\/2024\/04\/PONAD-1.png","type":"image\/png"}],"twitter_card":"summary_large_image","twitter_misc":{"Szacowany czas czytania":"2 minuty"},"schema":{"@context":"https:\/\/schema.org","@graph":[{"@type":"WebPage","@id":"https:\/\/noster.pl\/?page_id=240","url":"https:\/\/noster.pl\/?page_id=240","name":"O nas - AUTO-CZ\u0118\u015aCI NOSTER WD - Sklep Motoryzacyjny Andrych\u00f3w","isPartOf":{"@id":"https:\/\/noster.pl\/#website"},"primaryImageOfPage":{"@id":"https:\/\/noster.pl\/?page_id=240#primaryimage"},"image":{"@id":"https:\/\/noster.pl\/?page_id=240#primaryimage"},"thumbnailUrl":"https:\/\/noster.pl\/wp-content\/uploads\/2024\/04\/PONAD-1.png","datePublished":"2024-04-28T21:21:02+00:00","dateModified":"2024-11-20T20:06:55+00:00","description":"Nasza firma NOSTER WD sp. z o.o. ma swoje korzenie si\u0119gaj\u0105ce stycznia 1992 roku, kiedy to rozpocz\u0119li\u015bmy sprzeda\u017c cz\u0119\u015bci samochodowych jako firma \"NOSTER\" Wojciech Noster. Pocz\u0105tkowo mie\u015bci\u0142a si\u0119 w wynaj\u0119tym lokalu w hotelu WSW Andoria, jednak w roku 2000 przenie\u015bli\u015bmy nasz sklep do nowoczesnego obiektu handlowego w Andrychowie przy ul. Krakowskiej 125, kt\u00f3ry wyposa\u017cyli\u015bmy tak\u017ce w warsztat oraz parking dla naszych klient\u00f3w.","breadcrumb":{"@id":"https:\/\/noster.pl\/?page_id=240#breadcrumb"},"inLanguage":"pl-PL","potentialAction":[{"@type":"ReadAction","target":["https:\/\/noster.pl\/?page_id=240"]}]},{"@type":"ImageObject","inLanguage":"pl-PL","@id":"https:\/\/noster.pl\/?page_id=240#primaryimage","url":"https:\/\/noster.pl\/wp-content\/uploads\/2024\/04\/PONAD-1.png","contentUrl":"https:\/\/noster.pl\/wp-content\/uploads\/2024\/04\/PONAD-1.png","width":1024,"height":1024},{"@type":"BreadcrumbList","@id":"https:\/\/noster.pl\/?page_id=240#breadcrumb","itemListElement":[{"@type":"ListItem","position":1,"name":"Home","item":"https:\/\/noster.pl\/"},{"@type":"ListItem","position":2,"name":"O nas"}]},{"@type":"WebSite","@id":"https:\/\/noster.pl\/#website","url":"https:\/\/noster.pl\/","name":"AUTO-CZ\u0118\u015aCI NOSTER WD - Sklep Motoryzacyjny Andrych\u00f3w","description":"Jeste\u015bmy sklepem motoryzacyjnym, kt\u00f3ry oferuje szeroki wyb\u00f3r wysokiej jako\u015bci cz\u0119\u015bci samochodowych do wszystkich marek i modeli samochod\u00f3w osobowych i ma\u0142ych ci\u0119\u017carowych.","publisher":{"@id":"https:\/\/noster.pl\/#organization"},"alternateName":"AUTO-CZ\u0118\u015aCI NOSTER Andrych\u00f3w","potentialAction":[{"@type":"SearchAction","target":{"@type":"EntryPoint","urlTemplate":"https:\/\/noster.pl\/?s={search_term_string}"},"query-input":{"@type":"PropertyValueSpecification","valueRequired":true,"valueName":"search_term_string"}}],"inLanguage":"pl-PL"},{"@type":"Organization","@id":"https:\/\/noster.pl\/#organization","name":"AUTO-CZ\u0118\u015aCI NOSTER WD - Sklep Motoryzacyjny Andrych\u00f3w","url":"https:\/\/noster.pl\/","logo":{"@type":"ImageObject","inLanguage":"pl-PL","@id":"https:\/\/noster.pl\/#\/schema\/logo\/image\/","url":"https:\/\/noster.pl\/wp-content\/uploads\/2024\/04\/logo.svg","contentUrl":"https:\/\/noster.pl\/wp-content\/uploads\/2024\/04\/logo.svg","width":1511,"height":377,"caption":"AUTO-CZ\u0118\u015aCI NOSTER WD - Sklep Motoryzacyjny Andrych\u00f3w"},"image":{"@id":"https:\/\/noster.pl\/#\/schema\/logo\/image\/"}}]}},"uagb_featured_image_src":{"full":false,"thumbnail":false,"medium":false,"medium_large":false,"large":false,"1536x1536":false,"2048x2048":false},"uagb_author_info":{"display_name":"admin","author_link":"https:\/\/noster.pl\/?author=1"},"uagb_comment_info":0,"uagb_excerpt":null,"_links":{"self":[{"href":"https:\/\/noster.pl\/index.php?rest_route=\/wp\/v2\/pages\/240","targetHints":{"allow":["GET"]}}],"collection":[{"href":"https:\/\/noster.pl\/index.php?rest_route=\/wp\/v2\/pages"}],"about":[{"href":"https:\/\/noster.pl\/index.php?rest_route=\/wp\/v2\/types\/page"}],"author":[{"embeddable":true,"href":"https:\/\/noster.pl\/index.php?rest_route=\/wp\/v2\/users\/1"}],"replies":[{"embeddable":true,"href":"https:\/\/noster.pl\/index.php?rest_route=%2Fwp%2Fv2%2Fcomments&post=240"}],"version-history":[{"count":16,"href":"https:\/\/noster.pl\/index.php?rest_route=\/wp\/v2\/pages\/240\/revisions"}],"predecessor-version":[{"id":413,"href":"https:\/\/noster.pl\/index.php?rest_route=\/wp\/v2\/pages\/240\/revisions\/413"}],"wp:attachment":[{"href":"https:\/\/noster.pl\/index.php?rest_route=%2Fwp%2Fv2%2Fmedia&parent=240"}],"curies":[{"name":"wp","href":"https:\/\/api.w.org\/{rel}","templated":true}]}}