{"id":37,"date":"2024-04-19T23:10:46","date_gmt":"2024-04-19T21:10:46","guid":{"rendered":"http:\/\/test.noster.pl\/?page_id=37"},"modified":"2024-11-20T21:05:04","modified_gmt":"2024-11-20T20:05:04","slug":"strona-glowna","status":"publish","type":"page","link":"https:\/\/noster.pl\/","title":{"rendered":"Strona g\u0142\u00f3wna"},"content":{"rendered":"\n<div class=\"wp-block-uagb-container uagb-block-f44eb8b2 alignfull uagb-is-root-container\"><\/div>\n\n\n\n<div class=\"wp-block-uagb-container uagb-block-8935b69c default uagb-is-root-container\">\n<div class=\"wp-block-uagb-container uagb-block-18bc9b9a\">\n<div class=\"wp-block-columns is-layout-flex wp-container-core-columns-is-layout-28f84493 wp-block-columns-is-layout-flex\">\n<div class=\"wp-block-column is-layout-flow wp-block-column-is-layout-flow\" style=\"flex-basis:100%\">\n<div class=\"wp-block-columns is-layout-flex wp-container-core-columns-is-layout-28f84493 wp-block-columns-is-layout-flex\">\n<div class=\"wp-block-column is-layout-flow wp-block-column-is-layout-flow\" style=\"flex-basis:100%\">\n<div class=\"wp-block-columns is-layout-flex wp-container-core-columns-is-layout-28f84493 wp-block-columns-is-layout-flex\">\n<div class=\"wp-block-column is-layout-flow wp-block-column-is-layout-flow\" style=\"flex-basis:100%\">\n<div class=\"wp-block-group is-layout-constrained wp-block-group-is-layout-constrained\">\n<div class=\"wp-block-uagb-container uag-blocks-common-selector uagb-block-20e0cf5d alignfull uagb-is-root-container\"><div class=\"uagb-container-inner-blocks-wrap\">\n<div class=\"wp-block-uagb-container uagb-block-815b8906\">\n<div class=\"wp-block-uagb-advanced-heading uagb-block-e781f8c1\"><h1 class=\"uagb-heading-text\">AUTO &#8211; CZ\u0118\u015aCI NOSTER <\/h1><div class=\"uagb-separator\"><\/div><p class=\"uagb-desc-text\">Jeste\u015bmy sklepem motoryzacyjnym, kt\u00f3ry oferuje szeroki wyb\u00f3r wysokiej jako\u015bci cz\u0119\u015bci samochodowych do wszystkich marek i modeli samochod\u00f3w osobowych i ma\u0142ych ci\u0119\u017carowych. Dzi\u0119ki profesjonalnej obs\u0142udze i konkurencyjnym cenom, dbamy o to, aby nasi klienci mieli pewno\u015b\u0107, \u017ce ich samochody s\u0105 w najlepszych r\u0119kach.<\/p><\/div>\n\n\n\n<div class=\"wp-block-uagb-buttons uagb-buttons__outer-wrap uagb-btn__default-btn uagb-btn-tablet__default-btn uagb-btn-mobile__default-btn uagb-block-a06d9d0e\"><div class=\"uagb-buttons__wrap uagb-buttons-layout-wrap \">\n<div class=\"wp-block-uagb-buttons-child uagb-buttons__outer-wrap uagb-block-9d4e0df2 wp-block-button\"><div class=\"uagb-button__wrapper\"><a class=\"uagb-buttons-repeater wp-block-button__link\" aria-label=\"\" href=\"http:\/\/noster.pl\/?page_id=74\" rel=\"follow noopener\" target=\"_self\" role=\"button\"><div class=\"uagb-button__link\">Zobacz ofert\u0119<\/div><\/a><\/div><\/div>\n<\/div><\/div>\n\n\n\n<div class=\"wp-block-uagb-image aligncenter uagb-block-6784399e wp-block-uagb-image--layout-default wp-block-uagb-image--effect-static wp-block-uagb-image--align-center uag-blocks-common-selector\" style=\"--z-index-desktop:undefined;;--z-index-tablet:3;;--z-index-mobile:undefined;\"><figure class=\"wp-block-uagb-image__figure\"><img loading=\"lazy\" decoding=\"async\" srcset=\"https:\/\/noster.pl\/wp-content\/uploads\/2024\/04\/black-bmw-m3-coupe-car.png ,https:\/\/noster.pl\/wp-content\/uploads\/2024\/04\/black-bmw-m3-coupe-car.png 780w\" sizes=\"auto, (max-width: 480px) 150px\" src=\"https:\/\/noster.pl\/wp-content\/uploads\/2024\/04\/black-bmw-m3-coupe-car.png\" alt=\"\" class=\"uag-image-1529\" width=\"744\" height=\"351\" title=\"\" loading=\"lazy\" role=\"img\"\/><\/figure><\/div>\n<\/div>\n<\/div><\/div>\n<\/div>\n<\/div>\n<\/div>\n<\/div>\n<\/div>\n<\/div>\n<\/div>\n<\/div>\n<\/div>\n\n\n\n<div class=\"wp-block-uagb-container uag-blocks-common-selector uagb-block-61b8dc0f alignfull uagb-is-root-container\"><div class=\"uagb-container-inner-blocks-wrap\">\n<div class=\"wp-block-uagb-container uagb-block-ca1001a6\">\n<div class=\"wp-block-uagb-container uagb-block-1161d5fb\">\n<div class=\"wp-block-uagb-info-box uagb-block-d8747ff2 uagb-infobox__content-wrap  uagb-infobox-icon-above-title uagb-infobox-image-valign-top\"><div class=\"uagb-ifb-content\"><div class=\"uagb-ifb-title-wrap\"><h3 class=\"uagb-ifb-title\">Godziny otwarcia<\/h3><\/div><p class=\"uagb-ifb-desc\"><strong>Poniedzia\u0142ek \u2013 Pi\u0105tek:<br>8:00&nbsp;\u2013 17:00<br>Sobota: 9:00&nbsp;\u2013 13:00<br>Niedziela: Nieczynne<\/strong><\/p><\/div><\/div>\n<\/div>\n\n\n\n<div class=\"wp-block-uagb-container uagb-block-7845a5c0\">\n<div class=\"wp-block-uagb-info-box uagb-block-62c5dbda uagb-infobox__content-wrap  uagb-infobox-icon-above-title uagb-infobox-image-valign-top\"><div class=\"uagb-ifb-content\"><div class=\"uagb-ifb-title-wrap\"><h3 class=\"uagb-ifb-title\">Kontakt<\/h3><\/div><p class=\"uagb-ifb-desc\">Tel : 33 870 21 13<br>Tel : 510 232 328 <br>Mail: sklep@noster.pl<br><br><\/p><\/div><\/div>\n<\/div>\n\n\n\n<div class=\"wp-block-uagb-container uagb-block-e02d9582\">\t\t\t<div \n\t\t\tclass=\"wp-block-uagb-google-map uagb-google-map__wrap uagb-block-7330b563     \"\n\t\t\tstyle=\"\" >\n\t\t\t\t<embed\n\t\t\t\t\tclass=\"uagb-google-map__iframe\"\n\t\t\t\t\ttitle=\"Mapa Google dla \"\n\t\t\t\t\tsrc=\"https:\/\/maps.google.com\/maps?q=Noster%20WD&#038;z=14&#038;hl=pl&#038;t=m&#038;output=embed&#038;iwloc=near\"\n\t\t\t\t\twidth=\"640\"\n\t\t\t\t\theight=\"270\"\n\t\t\t\t\tloading=\"lazy\"\n\t\t\t\t><\/embed>\n\t\t\t<\/div>\n\t\t\t<\/div>\n<\/div>\n<\/div><\/div>\n\n\n\n<div class=\"wp-block-uagb-container uagb-block-27ced265 alignfull uagb-is-root-container\"><div class=\"uagb-container-inner-blocks-wrap\">\n<div class=\"wp-block-uagb-buttons uagb-buttons__outer-wrap uagb-btn__default-btn uagb-btn-tablet__default-btn uagb-btn-mobile__default-btn uagb-block-0f1a8809\"><div class=\"uagb-buttons__wrap uagb-buttons-layout-wrap \">\n<div class=\"wp-block-uagb-buttons-child uagb-buttons__outer-wrap uagb-block-157829a0 wp-block-button\"><div class=\"uagb-button__wrapper\"><a class=\"uagb-buttons-repeater wp-block-button__link\" aria-label=\"\" href=\"http:\/\/noster.pl\/?page_id=240\" rel=\"follow noopener\" target=\"_self\" role=\"button\"><div class=\"uagb-button__link\">Poznaj nas <\/div><\/a><\/div><\/div>\n<\/div><\/div>\n<\/div><\/div>\n\n\n\n<div class=\"wp-block-uagb-container uagb-block-09050733 alignfull uagb-is-root-container\"><div class=\"uagb-container-inner-blocks-wrap\">\n<div class=\"wp-block-uagb-buttons uagb-buttons__outer-wrap uagb-btn__default-btn uagb-btn-tablet__default-btn uagb-btn-mobile__default-btn uagb-block-6cbf9f59\"><div class=\"uagb-buttons__wrap uagb-buttons-layout-wrap \">\n<div class=\"wp-block-uagb-buttons-child uagb-buttons__outer-wrap uagb-block-790afb70 wp-block-button\"><div class=\"uagb-button__wrapper\"><a class=\"uagb-buttons-repeater wp-block-button__link\" aria-label=\"\" href=\"http:\/\/noster.pl\/?page_id=66\" rel=\"follow noopener\" target=\"_self\" role=\"button\"><div class=\"uagb-button__link\">Skontaktuj si\u0119 z nami <\/div><\/a><\/div><\/div>\n<\/div><\/div>\n<\/div><\/div>\n\n\n\n<p><\/p>\n\n\n\n<div class=\"wp-block-uagb-container uagb-block-156cfd0e alignfull uagb-is-root-container\"><div class=\"uagb-container-inner-blocks-wrap\"><\/div><\/div>\n\n\n\n<p><\/p>\n","protected":false},"excerpt":{"rendered":"<p>AUTO &#8211; CZ\u0118\u015aCI NOSTER Jeste\u015bmy sklepem motoryzacyjnym, kt\u00f3ry oferuje szeroki wyb\u00f3r wysokiej jako\u015bci cz\u0119\u015bci samochodowych do wszystkich marek i modeli [&hellip;]<\/p>\n","protected":false},"author":1,"featured_media":0,"parent":0,"menu_order":1,"comment_status":"closed","ping_status":"closed","template":"","meta":{"_uag_custom_page_level_css":"","site-sidebar-layout":"default","site-content-layout":"","ast-site-content-layout":"default","site-content-style":"default","site-sidebar-style":"default","ast-global-header-display":"","ast-banner-title-visibility":"","ast-main-header-display":"","ast-hfb-above-header-display":"","ast-hfb-below-header-display":"","ast-hfb-mobile-header-display":"","site-post-title":"disabled","ast-breadcrumbs-content":"","ast-featured-img":"","footer-sml-layout":"","ast-disable-related-posts":"","theme-transparent-header-meta":"","adv-header-id-meta":"","stick-header-meta":"","header-above-stick-meta":"","header-main-stick-meta":"","header-below-stick-meta":"","astra-migrate-meta-layouts":"default","ast-page-background-enabled":"default","ast-page-background-meta":{"desktop":{"background-color":"var(--ast-global-color-4)","background-image":"","background-repeat":"repeat","background-position":"center center","background-size":"auto","background-attachment":"scroll","background-type":"","background-media":"","overlay-type":"","overlay-color":"","overlay-opacity":"","overlay-gradient":""},"tablet":{"background-color":"","background-image":"","background-repeat":"repeat","background-position":"center center","background-size":"auto","background-attachment":"scroll","background-type":"","background-media":"","overlay-type":"","overlay-color":"","overlay-opacity":"","overlay-gradient":""},"mobile":{"background-color":"","background-image":"","background-repeat":"repeat","background-position":"center center","background-size":"auto","background-attachment":"scroll","background-type":"","background-media":"","overlay-type":"","overlay-color":"","overlay-opacity":"","overlay-gradient":""}},"ast-content-background-meta":{"desktop":{"background-color":"var(--ast-global-color-5)","background-image":"","background-repeat":"repeat","background-position":"center center","background-size":"auto","background-attachment":"scroll","background-type":"","background-media":"","overlay-type":"","overlay-color":"","overlay-opacity":"","overlay-gradient":""},"tablet":{"background-color":"var(--ast-global-color-5)","background-image":"","background-repeat":"repeat","background-position":"center center","background-size":"auto","background-attachment":"scroll","background-type":"","background-media":"","overlay-type":"","overlay-color":"","overlay-opacity":"","overlay-gradient":""},"mobile":{"background-color":"var(--ast-global-color-5)","background-image":"","background-repeat":"repeat","background-position":"center center","background-size":"auto","background-attachment":"scroll","background-type":"","background-media":"","overlay-type":"","overlay-color":"","overlay-opacity":"","overlay-gradient":""}},"footnotes":""},"class_list":["post-37","page","type-page","status-publish","hentry"],"yoast_head":"<!-- This site is optimized with the Yoast SEO plugin v27.1.1 - https:\/\/yoast.com\/product\/yoast-seo-wordpress\/ -->\n<title>Strona g\u0142\u00f3wna - AUTO-CZ\u0118\u015aCI NOSTER WD - Sklep Motoryzacyjny Andrych\u00f3w<\/title>\n<meta name=\"description\" content=\"Jeste\u015bmy sklepem motoryzacyjnym, kt\u00f3ry oferuje szeroki wyb\u00f3r wysokiej jako\u015bci cz\u0119\u015bci samochodowych do wszystkich marek i modeli samochod\u00f3w osobowych i ma\u0142ych ci\u0119\u017carowych.\" \/>\n<meta name=\"robots\" content=\"index, follow, max-snippet:-1, max-image-preview:large, max-video-preview:-1\" \/>\n<link rel=\"canonical\" href=\"https:\/\/noster.pl\/\" \/>\n<meta property=\"og:locale\" content=\"pl_PL\" \/>\n<meta property=\"og:type\" content=\"article\" \/>\n<meta property=\"og:title\" content=\"Strona g\u0142\u00f3wna - AUTO-CZ\u0118\u015aCI NOSTER WD - Sklep Motoryzacyjny Andrych\u00f3w\" \/>\n<meta property=\"og:description\" content=\"Jeste\u015bmy sklepem motoryzacyjnym, kt\u00f3ry oferuje szeroki wyb\u00f3r wysokiej jako\u015bci cz\u0119\u015bci samochodowych do wszystkich marek i modeli samochod\u00f3w osobowych i ma\u0142ych ci\u0119\u017carowych.\" \/>\n<meta property=\"og:url\" content=\"https:\/\/noster.pl\/\" \/>\n<meta property=\"og:site_name\" content=\"AUTO-CZ\u0118\u015aCI NOSTER WD - Sklep Motoryzacyjny Andrych\u00f3w\" \/>\n<meta property=\"article:modified_time\" content=\"2024-11-20T20:05:04+00:00\" \/>\n<meta property=\"og:image\" content=\"http:\/\/noster.pl\/wp-content\/uploads\/2024\/04\/black-bmw-m3-coupe-car.png\" \/>\n<meta name=\"twitter:card\" content=\"summary_large_image\" \/>\n<meta name=\"twitter:label1\" content=\"Szacowany czas czytania\" \/>\n\t<meta name=\"twitter:data1\" content=\"1 minuta\" \/>\n<script type=\"application\/ld+json\" class=\"yoast-schema-graph\">{\"@context\":\"https:\/\/schema.org\",\"@graph\":[{\"@type\":\"WebPage\",\"@id\":\"https:\/\/noster.pl\/\",\"url\":\"https:\/\/noster.pl\/\",\"name\":\"Strona g\u0142\u00f3wna - AUTO-CZ\u0118\u015aCI NOSTER WD - Sklep Motoryzacyjny Andrych\u00f3w\",\"isPartOf\":{\"@id\":\"https:\/\/noster.pl\/#website\"},\"primaryImageOfPage\":{\"@id\":\"https:\/\/noster.pl\/#primaryimage\"},\"image\":{\"@id\":\"https:\/\/noster.pl\/#primaryimage\"},\"thumbnailUrl\":\"http:\/\/noster.pl\/wp-content\/uploads\/2024\/04\/black-bmw-m3-coupe-car.png\",\"datePublished\":\"2024-04-19T21:10:46+00:00\",\"dateModified\":\"2024-11-20T20:05:04+00:00\",\"description\":\"Jeste\u015bmy sklepem motoryzacyjnym, kt\u00f3ry oferuje szeroki wyb\u00f3r wysokiej jako\u015bci cz\u0119\u015bci samochodowych do wszystkich marek i modeli samochod\u00f3w osobowych i ma\u0142ych ci\u0119\u017carowych.\",\"breadcrumb\":{\"@id\":\"https:\/\/noster.pl\/#breadcrumb\"},\"inLanguage\":\"pl-PL\",\"potentialAction\":[{\"@type\":\"ReadAction\",\"target\":[\"https:\/\/noster.pl\/\"]}]},{\"@type\":\"ImageObject\",\"inLanguage\":\"pl-PL\",\"@id\":\"https:\/\/noster.pl\/#primaryimage\",\"url\":\"https:\/\/noster.pl\/wp-content\/uploads\/2024\/04\/black-bmw-m3-coupe-car.png\",\"contentUrl\":\"https:\/\/noster.pl\/wp-content\/uploads\/2024\/04\/black-bmw-m3-coupe-car.png\",\"width\":744,\"height\":351},{\"@type\":\"BreadcrumbList\",\"@id\":\"https:\/\/noster.pl\/#breadcrumb\",\"itemListElement\":[{\"@type\":\"ListItem\",\"position\":1,\"name\":\"Home\",\"item\":\"https:\/\/noster.pl\/\"},{\"@type\":\"ListItem\",\"position\":2,\"name\":\"Strona g\u0142\u00f3wna\"}]},{\"@type\":\"WebSite\",\"@id\":\"https:\/\/noster.pl\/#website\",\"url\":\"https:\/\/noster.pl\/\",\"name\":\"AUTO-CZ\u0118\u015aCI NOSTER WD - Sklep Motoryzacyjny Andrych\u00f3w\",\"description\":\"Jeste\u015bmy sklepem motoryzacyjnym, kt\u00f3ry oferuje szeroki wyb\u00f3r wysokiej jako\u015bci cz\u0119\u015bci samochodowych do wszystkich marek i modeli samochod\u00f3w osobowych i ma\u0142ych ci\u0119\u017carowych.\",\"publisher\":{\"@id\":\"https:\/\/noster.pl\/#organization\"},\"alternateName\":\"AUTO-CZ\u0118\u015aCI NOSTER Andrych\u00f3w\",\"potentialAction\":[{\"@type\":\"SearchAction\",\"target\":{\"@type\":\"EntryPoint\",\"urlTemplate\":\"https:\/\/noster.pl\/?s={search_term_string}\"},\"query-input\":{\"@type\":\"PropertyValueSpecification\",\"valueRequired\":true,\"valueName\":\"search_term_string\"}}],\"inLanguage\":\"pl-PL\"},{\"@type\":\"Organization\",\"@id\":\"https:\/\/noster.pl\/#organization\",\"name\":\"AUTO-CZ\u0118\u015aCI NOSTER WD - Sklep Motoryzacyjny Andrych\u00f3w\",\"url\":\"https:\/\/noster.pl\/\",\"logo\":{\"@type\":\"ImageObject\",\"inLanguage\":\"pl-PL\",\"@id\":\"https:\/\/noster.pl\/#\/schema\/logo\/image\/\",\"url\":\"https:\/\/noster.pl\/wp-content\/uploads\/2024\/04\/logo.svg\",\"contentUrl\":\"https:\/\/noster.pl\/wp-content\/uploads\/2024\/04\/logo.svg\",\"width\":1511,\"height\":377,\"caption\":\"AUTO-CZ\u0118\u015aCI NOSTER WD - Sklep Motoryzacyjny Andrych\u00f3w\"},\"image\":{\"@id\":\"https:\/\/noster.pl\/#\/schema\/logo\/image\/\"}}]}<\/script>\n<!-- \/ Yoast SEO plugin. -->","yoast_head_json":{"title":"Strona g\u0142\u00f3wna - AUTO-CZ\u0118\u015aCI NOSTER WD - Sklep Motoryzacyjny Andrych\u00f3w","description":"Jeste\u015bmy sklepem motoryzacyjnym, kt\u00f3ry oferuje szeroki wyb\u00f3r wysokiej jako\u015bci cz\u0119\u015bci samochodowych do wszystkich marek i modeli samochod\u00f3w osobowych i ma\u0142ych ci\u0119\u017carowych.","robots":{"index":"index","follow":"follow","max-snippet":"max-snippet:-1","max-image-preview":"max-image-preview:large","max-video-preview":"max-video-preview:-1"},"canonical":"https:\/\/noster.pl\/","og_locale":"pl_PL","og_type":"article","og_title":"Strona g\u0142\u00f3wna - AUTO-CZ\u0118\u015aCI NOSTER WD - Sklep Motoryzacyjny Andrych\u00f3w","og_description":"Jeste\u015bmy sklepem motoryzacyjnym, kt\u00f3ry oferuje szeroki wyb\u00f3r wysokiej jako\u015bci cz\u0119\u015bci samochodowych do wszystkich marek i modeli samochod\u00f3w osobowych i ma\u0142ych ci\u0119\u017carowych.","og_url":"https:\/\/noster.pl\/","og_site_name":"AUTO-CZ\u0118\u015aCI NOSTER WD - Sklep Motoryzacyjny Andrych\u00f3w","article_modified_time":"2024-11-20T20:05:04+00:00","og_image":[{"url":"http:\/\/noster.pl\/wp-content\/uploads\/2024\/04\/black-bmw-m3-coupe-car.png","type":"","width":"","height":""}],"twitter_card":"summary_large_image","twitter_misc":{"Szacowany czas czytania":"1 minuta"},"schema":{"@context":"https:\/\/schema.org","@graph":[{"@type":"WebPage","@id":"https:\/\/noster.pl\/","url":"https:\/\/noster.pl\/","name":"Strona g\u0142\u00f3wna - AUTO-CZ\u0118\u015aCI NOSTER WD - Sklep Motoryzacyjny Andrych\u00f3w","isPartOf":{"@id":"https:\/\/noster.pl\/#website"},"primaryImageOfPage":{"@id":"https:\/\/noster.pl\/#primaryimage"},"image":{"@id":"https:\/\/noster.pl\/#primaryimage"},"thumbnailUrl":"http:\/\/noster.pl\/wp-content\/uploads\/2024\/04\/black-bmw-m3-coupe-car.png","datePublished":"2024-04-19T21:10:46+00:00","dateModified":"2024-11-20T20:05:04+00:00","description":"Jeste\u015bmy sklepem motoryzacyjnym, kt\u00f3ry oferuje szeroki wyb\u00f3r wysokiej jako\u015bci cz\u0119\u015bci samochodowych do wszystkich marek i modeli samochod\u00f3w osobowych i ma\u0142ych ci\u0119\u017carowych.","breadcrumb":{"@id":"https:\/\/noster.pl\/#breadcrumb"},"inLanguage":"pl-PL","potentialAction":[{"@type":"ReadAction","target":["https:\/\/noster.pl\/"]}]},{"@type":"ImageObject","inLanguage":"pl-PL","@id":"https:\/\/noster.pl\/#primaryimage","url":"https:\/\/noster.pl\/wp-content\/uploads\/2024\/04\/black-bmw-m3-coupe-car.png","contentUrl":"https:\/\/noster.pl\/wp-content\/uploads\/2024\/04\/black-bmw-m3-coupe-car.png","width":744,"height":351},{"@type":"BreadcrumbList","@id":"https:\/\/noster.pl\/#breadcrumb","itemListElement":[{"@type":"ListItem","position":1,"name":"Home","item":"https:\/\/noster.pl\/"},{"@type":"ListItem","position":2,"name":"Strona g\u0142\u00f3wna"}]},{"@type":"WebSite","@id":"https:\/\/noster.pl\/#website","url":"https:\/\/noster.pl\/","name":"AUTO-CZ\u0118\u015aCI NOSTER WD - Sklep Motoryzacyjny Andrych\u00f3w","description":"Jeste\u015bmy sklepem motoryzacyjnym, kt\u00f3ry oferuje szeroki wyb\u00f3r wysokiej jako\u015bci cz\u0119\u015bci samochodowych do wszystkich marek i modeli samochod\u00f3w osobowych i ma\u0142ych ci\u0119\u017carowych.","publisher":{"@id":"https:\/\/noster.pl\/#organization"},"alternateName":"AUTO-CZ\u0118\u015aCI NOSTER Andrych\u00f3w","potentialAction":[{"@type":"SearchAction","target":{"@type":"EntryPoint","urlTemplate":"https:\/\/noster.pl\/?s={search_term_string}"},"query-input":{"@type":"PropertyValueSpecification","valueRequired":true,"valueName":"search_term_string"}}],"inLanguage":"pl-PL"},{"@type":"Organization","@id":"https:\/\/noster.pl\/#organization","name":"AUTO-CZ\u0118\u015aCI NOSTER WD - Sklep Motoryzacyjny Andrych\u00f3w","url":"https:\/\/noster.pl\/","logo":{"@type":"ImageObject","inLanguage":"pl-PL","@id":"https:\/\/noster.pl\/#\/schema\/logo\/image\/","url":"https:\/\/noster.pl\/wp-content\/uploads\/2024\/04\/logo.svg","contentUrl":"https:\/\/noster.pl\/wp-content\/uploads\/2024\/04\/logo.svg","width":1511,"height":377,"caption":"AUTO-CZ\u0118\u015aCI NOSTER WD - Sklep Motoryzacyjny Andrych\u00f3w"},"image":{"@id":"https:\/\/noster.pl\/#\/schema\/logo\/image\/"}}]}},"uagb_featured_image_src":{"full":false,"thumbnail":false,"medium":false,"medium_large":false,"large":false,"1536x1536":false,"2048x2048":false},"uagb_author_info":{"display_name":"admin","author_link":"https:\/\/noster.pl\/?author=1"},"uagb_comment_info":0,"uagb_excerpt":"AUTO &#8211; CZ\u0118\u015aCI NOSTER Jeste\u015bmy sklepem motoryzacyjnym, kt\u00f3ry oferuje szeroki wyb\u00f3r wysokiej jako\u015bci cz\u0119\u015bci samochodowych do wszystkich marek i modeli [&hellip;]","_links":{"self":[{"href":"https:\/\/noster.pl\/index.php?rest_route=\/wp\/v2\/pages\/37","targetHints":{"allow":["GET"]}}],"collection":[{"href":"https:\/\/noster.pl\/index.php?rest_route=\/wp\/v2\/pages"}],"about":[{"href":"https:\/\/noster.pl\/index.php?rest_route=\/wp\/v2\/types\/page"}],"author":[{"embeddable":true,"href":"https:\/\/noster.pl\/index.php?rest_route=\/wp\/v2\/users\/1"}],"replies":[{"embeddable":true,"href":"https:\/\/noster.pl\/index.php?rest_route=%2Fwp%2Fv2%2Fcomments&post=37"}],"version-history":[{"count":71,"href":"https:\/\/noster.pl\/index.php?rest_route=\/wp\/v2\/pages\/37\/revisions"}],"predecessor-version":[{"id":458,"href":"https:\/\/noster.pl\/index.php?rest_route=\/wp\/v2\/pages\/37\/revisions\/458"}],"wp:attachment":[{"href":"https:\/\/noster.pl\/index.php?rest_route=%2Fwp%2Fv2%2Fmedia&parent=37"}],"curies":[{"name":"wp","href":"https:\/\/api.w.org\/{rel}","templated":true}]}}